{"id":2275,"date":"2025-08-07T16:01:50","date_gmt":"2025-08-07T14:01:50","guid":{"rendered":"http:\/\/okthemes.com\/farmhousedemo\/?page_id=2265"},"modified":"2025-08-08T13:50:03","modified_gmt":"2025-08-08T11:50:03","slug":"startseite-2","status":"publish","type":"page","link":"https:\/\/www.crashcare-germany.de\/","title":{"rendered":"Startseite"},"content":{"rendered":"<div class=\"wpb-content-wrapper\"><p>[vc_row content_placement=&#8220;middle&#8220;][vc_column css_animation=&#8220;none&#8220; width=&#8220;1\/2&#8243;]\n\t<div class=\"title-subtitle-box   \" style=\" text-align: center;\">\n\t\t<h4 style=\" color:#000000;  font-style: normal; text-transform: uppercase; font-weight: 300; letter-spacing: 10px;\" >Warum<br \/>solltest du dich f\u00fcr ein Crash Kit entscheiden?<\/h4>\n\t\t<div class=\"subtitle\" style=\"\"><p><span style=\"color: #ffd500;\">Weil es nicht nur um Sch\u00fcrfwunden geht. Es geht um dein Leben!<\/span><\/p>\n<\/div>\n\t<\/div> [vc_column_text css=&#8220;&#8220;]<span style=\"color: #000000;\"><strong>Allein in Deutschland<\/strong> verungl\u00fccken jedes Jahr tausende Motorrad- und Radfahrer schwer. Laut Statistischem Bundesamt wurden allein 2022 \u00fcber 28.000 Motorradunf\u00e4lle mit Personenschaden registriert &#8211; fast 600 Menschen verloren dabei ihr Leben.<\/span><\/p>\n<p><span style=\"color: #000000;\">Jeder der jemals gest\u00fcrzt ist kennt diesen Moment: den Schock, die Angst und das Gef\u00fchl ausgeliefert zu sein. Dann z\u00e4hlt nur eines &#8211; ob du vorbereitet bist &#8211; oder ob du wichtige Minuten verlierst, die \u00fcber alles Entscheiden k\u00f6nnen.<\/span>[\/vc_column_text]\n\t[\/vc_column][vc_column css_animation=&#8220;none&#8220; width=&#8220;1\/2&#8243;][vc_single_image image=&#8220;2192&#8243; img_size=&#8220;full&#8220; alignment=&#8220;center&#8220; css=&#8220;.vc_custom_1754652461761{margin-bottom: 0px !important;}&#8220;][\/vc_column][\/vc_row][vc_row full_width=&#8220;stretch_row&#8220; css=&#8220;.vc_custom_1478773706030{background-position: center !important;background-repeat: no-repeat !important;background-size: cover !important;}&#8220;][vc_column][vc_text_separator title=&#8220;Gemacht um unsere Leben zu retten&#8220; color=&#8220;custom&#8220; border_width=&#8220;2&#8243; css_animation=&#8220;none&#8220; css=&#8220;&#8220; accent_color=&#8220;#E30613&#8243;][\/vc_column][\/vc_row][vc_row full_width=&#8220;stretch_row&#8220; css=&#8220;.vc_custom_1476102698310{background-color: #f1f1f1 !important;}&#8220;][vc_column][vc_row_inner equal_height=&#8220;yes&#8220; content_placement=&#8220;middle&#8220;][vc_column_inner width=&#8220;1\/2&#8243; css=&#8220;.vc_custom_1476102787042{padding: 0px !important;}&#8220;][vc_single_image image=&#8220;2192&#8243; img_size=&#8220;full&#8220; alignment=&#8220;center&#8220; css=&#8220;.vc_custom_1480405357944{margin-bottom: 0px !important;}&#8220;][\/vc_column_inner][vc_column_inner width=&#8220;1\/2&#8243; css=&#8220;.vc_custom_1479831289879{background-color: #ffffff !important;}&#8220;]\n\t<div class=\"title-subtitle-box  vc_custom_1754487605102 \" style=\" text-align: center;\">\n\t\t<h2 style=\" font-style: normal; text-transform: uppercase; font-weight: 600; letter-spacing: 10px;\" >Kompakt<\/h2>\n\t\t<div class=\"subtitle\" style=\"\"><p><span style=\"color: #ffd500;\">Durch das kompakte Design und geringe Gewicht, ist es perfekt f\u00fcr deine Motorrad- oder Fahrradfahrt<\/span><\/p>\n<\/div>\n\t<\/div> [\/vc_column_inner][\/vc_row_inner][vc_row_inner equal_height=&#8220;yes&#8220; content_placement=&#8220;middle&#8220;][vc_column_inner width=&#8220;1\/2&#8243; css=&#8220;.vc_custom_1479831593456{background-color: #ffffff !important;}&#8220;]\n\t<div class=\"title-subtitle-box  vc_custom_1754487619101 \" style=\" text-align: center;\">\n\t\t<h2 style=\" font-style: normal; text-transform: uppercase; font-weight: 600; letter-spacing: 10px;\" >Robust<\/h2>\n\t\t<div class=\"subtitle\" style=\"\"><p><span style=\"color: #ffd500;\">Gesch\u00fctzter Inhalt durch eine Wasser- und Staubdichte H\u00fclle. Zus\u00e4tzlich mit Molle-System zum einfachen Transport.<\/span><\/p>\n<\/div>\n\t<\/div> [\/vc_column_inner][vc_column_inner width=&#8220;1\/2&#8243; css=&#8220;.vc_custom_1476102946340{padding: 0px !important;background-color: #ffffff !important;}&#8220;][vc_single_image image=&#8220;2192&#8243; img_size=&#8220;full&#8220; alignment=&#8220;center&#8220; css=&#8220;.vc_custom_1480405369549{margin-bottom: 0px !important;}&#8220;][\/vc_column_inner][\/vc_row_inner][vc_row_inner equal_height=&#8220;yes&#8220; content_placement=&#8220;middle&#8220;][vc_column_inner width=&#8220;1\/2&#8243; css=&#8220;.vc_custom_1476102787042{padding: 0px !important;}&#8220;][vc_single_image image=&#8220;2192&#8243; img_size=&#8220;full&#8220; alignment=&#8220;center&#8220; css=&#8220;.vc_custom_1480405381892{margin-bottom: 0px !important;}&#8220;][\/vc_column_inner][vc_column_inner width=&#8220;1\/2&#8243; css=&#8220;.vc_custom_1479831645310{background-color: #ffffff !important;}&#8220;]\n\t<div class=\"title-subtitle-box  vc_custom_1754487633191 \" style=\" text-align: center;\">\n\t\t<h2 style=\" font-style: normal; text-transform: uppercase; font-weight: 600; letter-spacing: 10px;\" >lebensrettend<\/h2>\n\t\t<div class=\"subtitle\" style=\"\"><p><span style=\"color: #ffd500;\">Das CrashKit kombiniert professionelle Notfallausstattung mit innovativem Design, kompakt, wetterfest, sofort Einsatzbereit.<\/span><\/p>\n<\/div>\n\t<\/div> [\/vc_column_inner][\/vc_row_inner][\/vc_column][\/vc_row][vc_row full_width=&#8220;stretch_row&#8220; css=&#8220;.vc_custom_1475579412733{background-color: #f1f1f1 !important;}&#8220;][vc_column][vc_row_inner content_placement=&#8220;middle&#8220; css=&#8220;.vc_custom_1480161570351{background-color: #ffffff !important;}&#8220;][vc_column_inner width=&#8220;2\/3&#8243; css=&#8220;.vc_custom_1479978664583{padding: 0px !important;}&#8220;][vc_images_carousel images=&#8220;2208&#8243; img_size=&#8220;full&#8220; onclick=&#8220;link_no&#8220; hide_pagination_control=&#8220;yes&#8220; wrap=&#8220;yes&#8220; css=&#8220;.vc_custom_1480412729049{margin-bottom: 0px !important;}&#8220;][\/vc_column_inner][vc_column_inner width=&#8220;1\/3&#8243;]\n\t<div class=\"title-subtitle-box  vc_custom_1754652429764 \" style=\" text-align: left;\">\n\t\t<h1 style=\" font-style: normal; text-transform: uppercase; font-weight: 600; letter-spacing: 10px;\" >Akademie<\/h1>\n\t\t<div class=\"subtitle\" style=\"\"><p><span style=\"color: #ffd500;\">Unser CrashKit ist nur so gut wie der Mensch, der es benutzt &#8211; das ist uns klar, weshalb wir f\u00fcr jeden zug\u00e4nglich eine Anleitung zur Benutzung eines jeden Artikels erstellt haben.<\/span><\/p>\n<\/div>\n\t<\/div> [vc_btn title=&#8220;Akademie&#8220; style=&#8220;flat&#8220; shape=&#8220;square&#8220; color=&#8220;black&#8220; size=&#8220;lg&#8220; css=&#8220;.vc_custom_1754652445223{margin-right: 10% !important;margin-bottom: 10% !important;margin-left: 10% !important;}&#8220;][\/vc_column_inner][\/vc_row_inner][\/vc_column][\/vc_row][vc_row full_width=&#8220;stretch_row&#8220; css=&#8220;.vc_custom_1480360934261{background-color: #f1f1f1 !important;}&#8220;][vc_column]\n\t<div class=\"title-subtitle-box  vc_custom_1754653775535 \" style=\" text-align: center;\">\n\t\t<hr class=\"has-topline\" style=\"background: #E30613\" \/>\n\t\t<h1 style=\" font-style: normal; text-transform: uppercase; font-weight: 600; letter-spacing: 10px;\" >Zusammengestellt & Bereit f\u00fcr den Einsatz<\/h1>\n\t\t<div class=\"subtitle\" style=\"\"><p><span style=\"color: #ffd500;\">Der schnelle Einsatz erfordert die gr\u00f6\u00dfte Sorgfalt in der Vorbereitung. Deshalb wird jedes CrashKit von uns per Hand gepackt. Immer nach einem klaren Innenlayout, denn im Ernstfall z\u00e4hlt jede Bewegung, jede Sekunde, so bedarf es kein langes Suchen.\u00a0<\/span><\/p>\n<\/div>\n\t<\/div> [vc_row_inner][vc_column_inner width=&#8220;1\/2&#8243;]\n\t<div class=\"featured-image-box  text-align-left box-style-side\">\n\t\t<figure onclick=\"\" class=\"side\">\n\t\t\t<div class=\"featured-image-holder\"><img loading=\"lazy\" decoding=\"async\" width=\"480\" height=\"635\" src=\"https:\/\/www.crashcare-germany.de\/wp-content\/uploads\/2016\/09\/featured-image-box-1.jpg\" class=\"vc_single_image-img attachment-full\" alt=\"\" title=\"featured-image-box\" srcset=\"https:\/\/www.crashcare-germany.de\/wp-content\/uploads\/2016\/09\/featured-image-box-1.jpg 480w, https:\/\/www.crashcare-germany.de\/wp-content\/uploads\/2016\/09\/featured-image-box-1-227x300.jpg 227w\" sizes=\"auto, (max-width: 480px) 100vw, 480px\" \/><\/div>\n\t\t<figcaption onclick=\"\" class=\"\">\n\t\t<div class=\"featured-image-box-meta\">\n\t\t\t<h4>CrashKit Xl<\/h4>\n\t\t\t<p>F\u00fcr die gro\u00dfen Auas<\/p>\n\t\t\t<a class=\"read-more-link\" href=\"http:\/\/www.google.com\" title=\"Read more\" target=\"_self\"><span class=\"hidden\">Read more<\/span><\/a>\n\t\t<\/div>\n\t\t<\/figcaption>\n\t\t<\/figure>\n\t<\/div> \n\t<div class=\"featured-image-box  text-align-left box-style-side\">\n\t\t<figure onclick=\"\" class=\"side\">\n\t\t\t<div class=\"featured-image-holder\"><img loading=\"lazy\" decoding=\"async\" width=\"480\" height=\"635\" src=\"https:\/\/www.crashcare-germany.de\/wp-content\/uploads\/2016\/09\/featured-image-box-1.jpg\" class=\"vc_single_image-img attachment-full\" alt=\"\" title=\"featured-image-box\" srcset=\"https:\/\/www.crashcare-germany.de\/wp-content\/uploads\/2016\/09\/featured-image-box-1.jpg 480w, https:\/\/www.crashcare-germany.de\/wp-content\/uploads\/2016\/09\/featured-image-box-1-227x300.jpg 227w\" sizes=\"auto, (max-width: 480px) 100vw, 480px\" \/><\/div>\n\t\t<figcaption onclick=\"\" class=\"\">\n\t\t<div class=\"featured-image-box-meta\">\n\t\t\t<h4>CrashKit Car<\/h4>\n\t\t\t<p>Zusatz f\u00fcr Autos<\/p>\n\t\t\t<a class=\"read-more-link\" href=\"http:\/\/google.com\" title=\"Google title\" target=\"_self\"><span class=\"hidden\">Google title<\/span><\/a>\n\t\t<\/div>\n\t\t<\/figcaption>\n\t\t<\/figure>\n\t<\/div> [\/vc_column_inner][vc_column_inner width=&#8220;1\/2&#8243;]\n\t<div class=\"featured-image-box  text-align-left box-style-side\">\n\t\t<figure onclick=\"\" class=\"side\">\n\t\t\t<div class=\"featured-image-holder\"><img loading=\"lazy\" decoding=\"async\" width=\"480\" height=\"635\" src=\"https:\/\/www.crashcare-germany.de\/wp-content\/uploads\/2016\/09\/featured-image-box-1.jpg\" class=\"vc_single_image-img attachment-full\" alt=\"\" title=\"featured-image-box\" srcset=\"https:\/\/www.crashcare-germany.de\/wp-content\/uploads\/2016\/09\/featured-image-box-1.jpg 480w, https:\/\/www.crashcare-germany.de\/wp-content\/uploads\/2016\/09\/featured-image-box-1-227x300.jpg 227w\" sizes=\"auto, (max-width: 480px) 100vw, 480px\" \/><\/div>\n\t\t<figcaption onclick=\"\" class=\"\">\n\t\t<div class=\"featured-image-box-meta\">\n\t\t\t<h4>CrashKit L<\/h4>\n\t\t\t<p>F\u00fcr die mittleren Auas<\/p>\n\t\t\t<a class=\"read-more-link\" href=\"http:\/\/google.com\" title=\"Google title\" target=\"_self\"><span class=\"hidden\">Google title<\/span><\/a>\n\t\t<\/div>\n\t\t<\/figcaption>\n\t\t<\/figure>\n\t<\/div> \n\t<div class=\"featured-image-box  text-align-left box-style-side\">\n\t\t<figure onclick=\"\" class=\"side\">\n\t\t\t<div class=\"featured-image-holder\"><img loading=\"lazy\" decoding=\"async\" width=\"480\" height=\"635\" src=\"https:\/\/www.crashcare-germany.de\/wp-content\/uploads\/2016\/09\/featured-image-box-1.jpg\" class=\"vc_single_image-img attachment-full\" alt=\"\" title=\"featured-image-box\" srcset=\"https:\/\/www.crashcare-germany.de\/wp-content\/uploads\/2016\/09\/featured-image-box-1.jpg 480w, https:\/\/www.crashcare-germany.de\/wp-content\/uploads\/2016\/09\/featured-image-box-1-227x300.jpg 227w\" sizes=\"auto, (max-width: 480px) 100vw, 480px\" \/><\/div>\n\t\t<figcaption onclick=\"\" class=\"\">\n\t\t<div class=\"featured-image-box-meta\">\n\t\t\t<h4>CrashKit Fahrrad<\/h4>\n\t\t\t<p>Fahrradfahrer<\/p>\n\t\t\t<a class=\"read-more-link\" href=\"http:\/\/google.com\" title=\"Google title\" target=\"_self\"><span class=\"hidden\">Google title<\/span><\/a>\n\t\t<\/div>\n\t\t<\/figcaption>\n\t\t<\/figure>\n\t<\/div> [\/vc_column_inner][\/vc_row_inner][\/vc_column][\/vc_row][vc_row full_width=&#8220;stretch_row&#8220; css=&#8220;.vc_custom_1478618444095{background: #101215 url(https:\/\/www.crashcare-germany.de\/wp-content\/uploads\/2016\/09\/homepage_black_leaves-1_1400-1-1.png?id=1438) !important;background-position: center !important;background-repeat: no-repeat !important;background-size: cover !important;}&#8220;][vc_column]\n\t<div class=\"title-subtitle-box   \" style=\" text-align: center;\">\n\t\t<h1 style=\" color:#ffffff;  font-style: normal; text-transform: uppercase; font-weight: 600; letter-spacing: 10px;\" >CrashCare Germany<\/h1>\n\t\t<div class=\"subtitle\" style=\"\"><p>Farhouse, della Befana, 5,<br \/>\n53100 Siena SI<br \/>\nItaly<\/p>\n<p>Tel.: +39 555 5556<br \/>\nMob. +39 +39 555 5557<\/p>\n<\/div>\n\t<\/div> [\/vc_column][\/vc_row]<\/p>\n<\/div>","protected":false},"excerpt":{"rendered":"<p>[vc_row content_placement=&#8220;middle&#8220;][vc_column css_animation=&#8220;none&#8220; width=&#8220;1\/2&#8243;][vc_column_text css=&#8220;&#8220;]Allein in Deutschland verungl\u00fccken jedes Jahr tausende Motorrad- und Radfahrer schwer. Laut Statistischem Bundesamt wurden allein 2022 \u00fcber 28.000 Motorradunf\u00e4lle mit Personenschaden registriert &#8211; fast 600 Menschen verloren dabei ihr Leben. Jeder der jemals gest\u00fcrzt ist kennt diesen Moment: den Schock, die Angst und das Gef\u00fchl ausgeliefert zu sein. Dann z\u00e4hlt<br class=\"read-more-spacer\"> <a class=\"more-link\" href=\"https:\/\/www.crashcare-germany.de\/\">Read More<\/a><\/p>\n","protected":false},"author":1,"featured_media":0,"parent":0,"menu_order":0,"comment_status":"closed","ping_status":"closed","template":"","meta":{"_acf_changed":false,"footnotes":""},"class_list":["post-2275","page","type-page","status-publish","hentry"],"acf":[],"_links":{"self":[{"href":"https:\/\/www.crashcare-germany.de\/index.php?rest_route=\/wp\/v2\/pages\/2275","targetHints":{"allow":["GET"]}}],"collection":[{"href":"https:\/\/www.crashcare-germany.de\/index.php?rest_route=\/wp\/v2\/pages"}],"about":[{"href":"https:\/\/www.crashcare-germany.de\/index.php?rest_route=\/wp\/v2\/types\/page"}],"author":[{"embeddable":true,"href":"https:\/\/www.crashcare-germany.de\/index.php?rest_route=\/wp\/v2\/users\/1"}],"replies":[{"embeddable":true,"href":"https:\/\/www.crashcare-germany.de\/index.php?rest_route=%2Fwp%2Fv2%2Fcomments&post=2275"}],"version-history":[{"count":13,"href":"https:\/\/www.crashcare-germany.de\/index.php?rest_route=\/wp\/v2\/pages\/2275\/revisions"}],"predecessor-version":[{"id":2498,"href":"https:\/\/www.crashcare-germany.de\/index.php?rest_route=\/wp\/v2\/pages\/2275\/revisions\/2498"}],"wp:attachment":[{"href":"https:\/\/www.crashcare-germany.de\/index.php?rest_route=%2Fwp%2Fv2%2Fmedia&parent=2275"}],"curies":[{"name":"wp","href":"https:\/\/api.w.org\/{rel}","templated":true}]}}